{"id":84,"date":"2023-02-07T20:47:43","date_gmt":"2023-02-08T00:47:43","guid":{"rendered":"https:\/\/fastwpdemo.com\/newwp\/fuzze\/?page_id=84"},"modified":"2023-02-07T20:47:40","modified_gmt":"2023-02-08T00:47:40","slug":"faq","status":"publish","type":"page","link":"https:\/\/espinosaglass.com\/es\/faq\/","title":{"rendered":"Preguntas Frecuentes"},"content":{"rendered":"<div data-elementor-type=\"wp-page\" data-elementor-id=\"84\" class=\"elementor elementor-84\">\n\t\t\t\t\t\t<section class=\"elementor-section elementor-top-section elementor-element elementor-element-cd96922 elementor-section-full_width elementor-section-height-default elementor-section-height-default\" data-id=\"cd96922\" data-element_type=\"section\" data-e-type=\"section\">\n\t\t\t\t\t\t<div class=\"elementor-container elementor-column-gap-default\">\n\t\t\t\t\t<div class=\"elementor-column elementor-col-100 elementor-top-column elementor-element elementor-element-d4f7733\" data-id=\"d4f7733\" data-element_type=\"column\" data-e-type=\"column\">\n\t\t\t<div class=\"elementor-widget-wrap elementor-element-populated\">\n\t\t\t\t\t\t<div class=\"elementor-element elementor-element-2914c06 elementor-widget elementor-widget-fuzze_faqs_v2\" data-id=\"2914c06\" data-element_type=\"widget\" data-e-type=\"widget\" data-widget_type=\"fuzze_faqs_v2.default\">\n\t\t\t\t<div class=\"elementor-widget-container\">\n\t\t\t\t\t    \n    \n          <!-- faq-section -->\n        <section class=\"faq-section bg-color-1 pb-215\">\n            <div class=\"auto-container\">\n                <div class=\"row clearfix\">\n                    <div class=\"col-lg-6 col-md-12 col-sm-12 faq-column\">\n                        <div class=\"faq-inner\">\n                            <ul class=\"accordion-box\">\n                                                                 <li class=\"accordion block a\" style=\"background-image: url(https:\/\/espinosaglass.com\/wp-content\/themes\/fuzze\/assets\/images\/resource\/accordion-1.jpg);\">\n                                    <div class=\"acc-btn\">\n                                        <div class=\"icon-outer\"><i class=\"far fa-plus\"><\/i><\/div>\n                                        <h5>\u00bfEspinosa ofrece servicios en su taller?<\/h5>\n                                    <\/div>\n                                    <div class=\"acc-content\">\n                                        <p>Si, por favor ll\u00e1mamos al 787-798-6916 o al 787-798-4422 para programar cita de servicio de cristal para su auto.<\/p>\n                                    <\/div>\n                                <\/li>\n                                                               <li class=\"accordion block aactive-block\" style=\"background-image: url(https:\/\/espinosaglass.com\/wp-content\/themes\/fuzze\/assets\/images\/resource\/accordion-1.jpg);\">\n                                    <div class=\"acc-btn active\">\n                                        <div class=\"icon-outer\"><i class=\"far fa-plus\"><\/i><\/div>\n                                        <h5>\u00bfCuanto tiempo toma el servicio de reemplazo de cristal para mi veh\u00edculo?<\/h5>\n                                    <\/div>\n                                    <div class=\"acc-content current\">\n                                        <p>Alrededor de una hora dependiendo el veh\u00edculo.<\/p>\n                                    <\/div>\n                                <\/li>\n                                                               <li class=\"accordion block a\" style=\"background-image: url(https:\/\/espinosaglass.com\/wp-content\/themes\/fuzze\/assets\/images\/resource\/accordion-1.jpg);\">\n                                    <div class=\"acc-btn\">\n                                        <div class=\"icon-outer\"><i class=\"far fa-plus\"><\/i><\/div>\n                                        <h5>\u00bfD\u00f3nde est\u00e1 Espinosa Glass Shop ubicado?<\/h5>\n                                    <\/div>\n                                    <div class=\"acc-content\">\n                                        <p>Estamos ubicados en Bayam\u00f3n en la Avenida West Main cerca de Plaza del Sol shopping center. Vea nuestra direcci\u00f3n en la p\u00e1gina Cont\u00e1ctanos.<\/p>\n                                    <\/div>\n                                <\/li>\n                                                               <li class=\"accordion block a\" style=\"background-image: url(https:\/\/espinosaglass.com\/wp-content\/themes\/fuzze\/assets\/images\/resource\/accordion-1.jpg);\">\n                                    <div class=\"acc-btn\">\n                                        <div class=\"icon-outer\"><i class=\"far fa-plus\"><\/i><\/div>\n                                        <h5>\u00bfCuenta cuesta reemplazar el cristal de mi veh\u00edculo?<\/h5>\n                                    <\/div>\n                                    <div class=\"acc-content\">\n                                        <p>Ll\u00e1manos al 787-798-6916 o al 787-798-4422 para proveerle una cotizaci\u00f3n. Nosotros instalamos piezas originales y reemplazo.<\/p>\n                                    <\/div>\n                                <\/li>\n                                                           <\/ul>\n                        <\/div>\n                    <\/div>\n                <\/div>\n            <\/div>\n        <\/section>\n        <!-- faq-section end -->\n        \n\n\t\t\t\t\t\t<\/div>\n\t\t\t\t<\/div>\n\t\t\t\t\t<\/div>\n\t\t<\/div>\n\t\t\t\t\t<\/div>\n\t\t<\/section>\n\t\t\t\t<\/div>","protected":false},"excerpt":{"rendered":"<p>How To Build A Music Manager With Nuxt But I must explain to you how all this mistaken idea of denouncing pleasure and praising pain was born and I will give you a complete account the system and expound the actual teachings of the great explorer What Does A Foldable Web Actually Mean ? Morbi [&hellip;]<\/p>\n","protected":false},"author":1,"featured_media":0,"parent":0,"menu_order":0,"comment_status":"closed","ping_status":"closed","template":"tpl-default-elementor.php","meta":{"footnotes":""},"class_list":["post-84","page","type-page","status-publish","hentry"],"_links":{"self":[{"href":"https:\/\/espinosaglass.com\/es\/wp-json\/wp\/v2\/pages\/84","targetHints":{"allow":["GET"]}}],"collection":[{"href":"https:\/\/espinosaglass.com\/es\/wp-json\/wp\/v2\/pages"}],"about":[{"href":"https:\/\/espinosaglass.com\/es\/wp-json\/wp\/v2\/types\/page"}],"author":[{"embeddable":true,"href":"https:\/\/espinosaglass.com\/es\/wp-json\/wp\/v2\/users\/1"}],"replies":[{"embeddable":true,"href":"https:\/\/espinosaglass.com\/es\/wp-json\/wp\/v2\/comments?post=84"}],"version-history":[{"count":2,"href":"https:\/\/espinosaglass.com\/es\/wp-json\/wp\/v2\/pages\/84\/revisions"}],"predecessor-version":[{"id":1314,"href":"https:\/\/espinosaglass.com\/es\/wp-json\/wp\/v2\/pages\/84\/revisions\/1314"}],"wp:attachment":[{"href":"https:\/\/espinosaglass.com\/es\/wp-json\/wp\/v2\/media?parent=84"}],"curies":[{"name":"wp","href":"https:\/\/api.w.org\/{rel}","templated":true}]}}